{"id":7619,"date":"2016-01-05T11:43:35","date_gmt":"2016-01-05T11:43:35","guid":{"rendered":"https:\/\/pirenko-themes.com\/verve\/?page_id=7619"},"modified":"2026-01-12T17:22:29","modified_gmt":"2026-01-12T17:22:29","slug":"about-us","status":"publish","type":"page","link":"https:\/\/fattoriedelmare.it\/it\/chi-siamo\/","title":{"rendered":"About us"},"content":{"rendered":"<div id=\"verve-39\" class=\"wpb_row vc_row verve_row vc_row-fluid verve_cover_top verve_preloaded_row\"  style=\"background-image: url(https:\/\/fattoriedelmare.it\/wp-content\/uploads\/2017\/05\/Fattorie_anteprima_home_video.jpg);\"><div class=\"extra_pad prk_inner_block columns small-centered clearfix\"><div class=\"vrv_outer_row\" style=\"padding-top:100px;padding-bottom:100px;\"><div class=\"row\">\n\t<div class=\"vc_col-sm-12 columns vc_column_container\">\n\t\t<div class=\"wpb_wrapper\">\n\t\t\t<div class=\"prk_shortcode-title prk_break_word verve_center_align h1_sized\"><div class=\"header_font zero_color prk_vc_title\" style=\"color:#ffeeb8;border-bottom-color:rgba(255, 238, 184,0.9);text-shadow:0px 0px 1px rgba(255, 238, 184,0.2);\"><h1 style=\"font-weight:700;\">CHI SIAMO<\/h1><\/div><div class=\"clearfix\"><\/div><\/div><div class=\"theme_button prk_small vrv_shortcoded\"><a href=\"https:\/\/fattoriedelmare.it\/it\/\" target=\"_self\" class=\"verve_anchor\" style=\"button-align:center\">TORNA ALLA HOME<\/a><\/div>\n\t\t<\/div> \n\t<\/div> \n<\/div><\/div><\/div><div class=\"vrv_preloaded\"><img decoding=\"async\" src=\"https:\/\/fattoriedelmare.it\/wp-content\/uploads\/2017\/05\/Fattorie_anteprima_home_video.jpg\" alt=\"\" \/><\/div><\/div><div class=\"clearfix\"><\/div><div id=\"verve-515\" class=\"wpb_row vc_row verve_row vc_row-fluid\"><div class=\"extra_pad prk_inner_block columns small-centered clearfix\"><div class=\"vrv_outer_row\" style=\"padding-top:72px;padding-bottom:72px;\"><div class=\"row\">\n\t<div class=\"vc_col-sm-12 columns vc_column_container\">\n\t\t<div class=\"wpb_wrapper\">\n\t\t\t<div id=\"verve-961\" class=\"wpb_row vc_inner vc_row verve_row vc_row-fluid\" ><div class=\"extra_pad prk_inner_block columns small-centered clearfix\"><div class=\"vrv_outer_row\"><div class=\"row\">\n\t<div class=\"vc_col-sm-6 columns vc_column_container\">\n\t\t<div class=\"wpb_wrapper\">\n\t\t\t\n\t<div class=\"wpb_raw_code wpb_content_element wpb_raw_html vc_custom_1768238544783\" >\n\t\t<div class=\"wpb_wrapper\">\n\t\t\t<iframe loading=\"lazy\" width=\"560\" height=\"315\" src=\"https:\/\/www.youtube.com\/embed\/2kCh5JtPMFU?si=dZop3st-YOv5ok9M\" title=\"YouTube video player\" frameborder=\"0\" allow=\"accelerometer; autoplay; clipboard-write; encrypted-media; gyroscope; picture-in-picture; web-share\" referrerpolicy=\"strict-origin-when-cross-origin\" allowfullscreen><\/iframe>\n\t\t<\/div>\n\t<\/div>\n<div class=\"simple_line shortcoded\" style=\"border-bottom-color:rgba(255,255,255,0.01);border-bottom-width:90px;\"><\/div><div class=\"prk_service prk_service_left verve_bigger_service\" data-color=\"default\" data-default=\"default\"><i class=\"mdi mdi-account-network colored_link_icon small_headings_color\"><\/i><div class=\"clearfix\"><\/div><div class=\"prk_service_ctt\"><h4 class=\"big zero_color header_font prk_heavier_600\" style=\"color:#000000\">I NOSTRI PRINCIPALI CLIENTI<\/h4><div class=\"clearfix\"><\/div><div class=\"verve_service_desc wpb_text_column prk_9_em\">I principali clienti di CIR sono <strong>Esselunga<\/strong>, <strong>Rialto<\/strong>, <strong>Bennet<\/strong> E <strong>Superemme<\/strong>, che insieme coprono 70% del fatturato totale.<\/div><\/div><\/div><div class=\"simple_line shortcoded\" style=\"border-bottom-color:rgba(255,255,255,0.01);border-bottom-width:30px;\"><\/div>\n\t\t<\/div> \n\t<\/div> \n\n\t<div class=\"vc_col-sm-6 columns vc_column_container\">\n\t\t<div class=\"wpb_wrapper\">\n\t\t\t<div class=\"prk_shortcode-title prk_break_word verve_left_align h2_sized\"><div class=\"header_font zero_color prk_vc_title\" style=\"color:#716a62;border-bottom-color:rgba(113, 106, 98,0.9);text-shadow:0px 0px 1px rgba(113, 106, 98,0.2);\"><h2 style=\"font-weight:700;\">STORIA<\/h2><\/div><div class=\"clearfix\"><\/div><\/div><div class=\"simple_line shortcoded\" style=\"border-bottom-color:rgba(255,255,255,0.01);border-bottom-width:10px;\"><\/div><div class=\"prk_shortcode-title prk_break_word verve_left_align h5_sized\"><div class=\"header_font zero_color prk_vc_title\" style=\"color:#000000;border-bottom-color:rgba(0, 0, 0,0.9);text-shadow:0px 0px 1px rgba(0, 0, 0,0.2);\"><h5 style=\"font-weight:400;\">Le Fattorie del mare: passione, benessere e sostenibilit\u00e0<\/h5><\/div><div class=\"clearfix\"><\/div><\/div><div class=\"simple_line shortcoded\" style=\"border-bottom-color:rgba(255,255,255,0.01);border-bottom-width:15px;\"><\/div><div class=\"prk_service prk_service_left verve_bigger_service\" data-color=\"default\" data-default=\"default\"><i class=\"mdi mdi-history colored_link_icon small_headings_color\"><\/i><div class=\"clearfix\"><\/div><div class=\"prk_service_ctt\"><h4 class=\"big zero_color header_font prk_heavier_600\" style=\"color:#000000\">1992<\/h4><div class=\"clearfix\"><\/div><div class=\"verve_service_desc wpb_text_column prk_9_em\">Nasce CIR sarl (Compagnie Ittiche Riunite sarl). Inizia subito l&#039;attivit\u00e0 operativa a Golfo Aranci utilizzando una tecnologia basata su gabbie rigide galleggianti<\/div><\/div><\/div><div class=\"prk_service prk_service_left verve_bigger_service\" data-color=\"default\" data-default=\"default\"><i class=\"mdi mdi-fish colored_link_icon small_headings_color\"><\/i><div class=\"clearfix\"><\/div><div class=\"prk_service_ctt\"><h4 class=\"big zero_color header_font prk_heavier_600\" style=\"color:#000000\">1996<\/h4><div class=\"clearfix\"><\/div><div class=\"verve_service_desc wpb_text_column prk_9_em\">L\u2019azienda subisce una radicale trasformazione. Le gabbie vengono trasformate in polietilene, che ancora oggi \u00e8 considerata la migliore tecnologia per la piscicoltura in mare aperto.<\/div><\/div><\/div><div class=\"prk_service prk_service_left verve_bigger_service\" data-color=\"default\" data-default=\"default\"><i class=\"mdi mdi-factory colored_link_icon small_headings_color\"><\/i><div class=\"clearfix\"><\/div><div class=\"prk_service_ctt\"><h4 class=\"big zero_color header_font prk_heavier_600\" style=\"color:#000000\">2002<\/h4><div class=\"clearfix\"><\/div><div class=\"verve_service_desc wpb_text_column prk_9_em\">Viene attivato il nuovo stabilimento, costituito da un capannone in struttura prefabbricata con una superficie coperta di 370 mq che comprende uffici, servizi per il personale, la sala confezionamento, celle frigorifere, macchine per la produzione del ghiaccio e tutto quanto necessario per consegnare un prodotto di qualit\u00e0.<\/p>\n<p>La pianta \u00e8 stata <strong>autorizzato a livello comunitario dal 1994.<\/strong> L&#039;azienda opera secondo protocolli predefiniti e ha implementato la formalizzazione di controlli e analisi per fornire la massima garanzia di qualit\u00e0 del prodotto a marchio.<\/div><\/div><\/div>\n\t\t<\/div> \n\t<\/div> \n<\/div><\/div><\/div><\/div><div class=\"clearfix\"><\/div><div class=\"simple_line shortcoded\" style=\"border-bottom-color:rgba(255,255,255,0.01);border-bottom-width:30px;\"><\/div><div class=\"prk_service prk_service_left verve_bigger_service\" data-color=\"default\" data-default=\"default\"><i class=\"mdi mdi-library colored_link_icon small_headings_color\"><\/i><div class=\"clearfix\"><\/div><div class=\"prk_service_ctt\"><h4 class=\"big zero_color header_font prk_heavier_600\" style=\"color:#000000\">I NOSTRI MARCHI<\/h4><div class=\"clearfix\"><\/div><div class=\"verve_service_desc wpb_text_column prk_9_em\">Nel 2002, dopo due anni di collaborazione commerciale con Esselunga, la <strong>Filiera CIR-Naturama<\/strong> \u00e8 stato istituito come standard di prodotto, che rappresenta il riconoscimento da parte di Esselunga degli elevati standard qualitativi raggiunti. Successivamente, il <strong>Catena di fornitura Bennet<\/strong> \u00e8 stato inoltre implementato un programma che conferma gli elevati standard qualitativi di CIR. L&#039;obiettivo del <strong>Filiera CIR<\/strong> \u00e8 offrire un prodotto che, attraverso caratteristiche di freschezza garantite, mantenga le caratteristiche morfologiche ed organolettiche dal momento della pesca fino alla consegna al mercato al dettaglio.<\/div><\/div><\/div><div class=\"simple_line shortcoded\" style=\"border-bottom-color:rgba(255,255,255,0.01);border-bottom-width:30px;\"><\/div><div class=\"simple_line shortcoded\" style=\"border-bottom-color:#dd9933;border-bottom-width:3px;\"><\/div><div id=\"verve-681\" class=\"wpb_row vc_inner vc_row verve_row vc_row-fluid\" ><div class=\"extra_pad prk_inner_block columns small-centered clearfix\"><div class=\"vrv_outer_row\" style=\"padding-top:50px;\"><div class=\"row\">\n\t<div class=\"vc_col-sm-6 columns vc_column_container\">\n\t\t<div class=\"wpb_wrapper\">\n\t\t\t\n\t<div class=\"wpb_single_image vc_align_center  delay-0\">\n\t\t<div class=\"wpb_wrapper\">\n\t\t\t\n\t\t\t<div class=\"vc_single_image-wrapper   vc_box_border_grey\"><img loading=\"lazy\" decoding=\"async\" width=\"453\" height=\"296\" src=\"https:\/\/fattoriedelmare.it\/wp-content\/uploads\/2018\/10\/Fattorie_Storia_01.jpg\" class=\"vc_single_image-img attachment-full\" alt=\"\" srcset=\"https:\/\/fattoriedelmare.it\/wp-content\/uploads\/2018\/10\/Fattorie_Storia_01.jpg 453w, https:\/\/fattoriedelmare.it\/wp-content\/uploads\/2018\/10\/Fattorie_Storia_01-300x196.jpg 300w\" sizes=\"(max-width: 453px) 100vw, 453px\" \/><\/div>\n\t\t<\/div>\n\t<\/div>\n\n\t\t<\/div> \n\t<\/div> \n\n\t<div class=\"vc_col-sm-6 columns vc_column_container\">\n\t\t<div class=\"wpb_wrapper\">\n\t\t\t\n\t<div class=\"wpb_single_image vc_align_center  delay-0\">\n\t\t<div class=\"wpb_wrapper\">\n\t\t\t\n\t\t\t<div class=\"vc_single_image-wrapper   vc_box_border_grey\"><img loading=\"lazy\" decoding=\"async\" width=\"453\" height=\"296\" src=\"https:\/\/fattoriedelmare.it\/wp-content\/uploads\/2018\/10\/Fattorie_Storia_02.jpg\" class=\"vc_single_image-img attachment-full\" alt=\"\" srcset=\"https:\/\/fattoriedelmare.it\/wp-content\/uploads\/2018\/10\/Fattorie_Storia_02.jpg 453w, https:\/\/fattoriedelmare.it\/wp-content\/uploads\/2018\/10\/Fattorie_Storia_02-300x196.jpg 300w\" sizes=\"(max-width: 453px) 100vw, 453px\" \/><\/div>\n\t\t<\/div>\n\t<\/div>\n\n\t\t<\/div> \n\t<\/div> \n<\/div><\/div><\/div><\/div><div class=\"clearfix\"><\/div>\n\t<div class=\"wpb_text_column wpb_content_element\" style=\"margin-top:40px;\">\n\t\t<div class=\"wpb_wrapper\">\n\t\t\t<p><strong>Le Fattorie del mare<\/strong> \u00e8 un marchio che racchiude la tenacia degli uomini che vi lavorano, il loro carattere duro e risoluto tipico della gente della Sardegna, la natura incontaminata che circonda la struttura; ma soprattutto \u00e8 il risultato dell&#039;immensa passione che chi gestisce la struttura ci ha messo in questi venticinque anni, creando una struttura unica e irripetibile.<\/p>\n<p>Per molti anni, <strong>Le Fattorie del mare<\/strong> porta sulle tavole dei consumatori un prodotto naturale e di qualit\u00e0, pensato per il benessere di tutti, compresi anziani e bambini.<\/p>\n<p>L&#039;azienda ha iniziato la sua avventura nel 1992 ed \u00e8 oggi una realt\u00e0 consolidata con numerosi punti di forza. Nel corso degli anni la struttura si \u00e8 specializzata nella produzione e distribuzione di un prodotto molto particolare.<\/p>\n<p>Il principale punto di forza dell&#039;attivit\u00e0 \u00e8 rappresentato dalla natura per via delle acque limpide, delle correnti perpetue e del fatto di essere abbastanza vicini alla terraferma, consentendo un lavoro molto specifico e continuativo a tutti gli operatori.<\/p>\n<p>In questi venticinque anni di attivit\u00e0 l\u2019azienda si \u00e8 specializzata nella creazione di filiera corta. Si tratta di una pianta da ingrasso: qui i giovani pesci, di peso generalmente compreso tra i trenta ei quaranta grammi, vengono stoccati e nutriti fino alla maturit\u00e0. Questi sono molto pi\u00f9 costosi dal punto di vista dell&#039;investimento iniziale dell&#039;azienda, ma consentono di abbreviare i tempi di ingresso sul mercato e, inoltre, consentono una pi\u00f9 semplice selezione all&#039;origine.<\/p>\n\n\t\t<\/div> \n\t<\/div> \n\t\t<\/div> \n\t<\/div> \n<\/div><\/div><\/div><\/div><div class=\"clearfix\"><\/div><div id=\"verve-876\" class=\"wpb_row vc_row verve_row vc_row-fluid\"><div class=\"extra_pad prk_inner_block columns small-centered clearfix\"><div class=\"vrv_outer_row\" style=\"padding-bottom:15px;\"><div class=\"row\">\n\t<div class=\"vc_col-sm-12 columns vc_column_container\">\n\t\t<div class=\"wpb_wrapper\">\n\t\t\t\t<div class=\"vc_separator wpb_content_element vc_sep_width_100 vc_sep_border_width_3 vc_sep_pos_align_center body_font\">\n\t\t<span class=\"vc_sep_holder vc_sep_holder_l\"><span style=\"border-color:#dd9933;\" class=\"vc_sep_line\"><\/span><\/span>\n\t\t<h4>Agricoltura<\/h4>\t\t<span class=\"vc_sep_holder vc_sep_holder_r\"><span style=\"border-color:#dd9933;\" class=\"vc_sep_line\"><\/span><\/span>\n\t<\/div>\n\n\n\t<div class=\"wpb_text_column wpb_content_element\" style=\"margin-top:40px;\">\n\t\t<div class=\"wpb_wrapper\">\n\t\t\t<p>Il sito marino \u00e8 composto da 21 gabbie galleggianti adagiate su acque limpide e lontane da fonti di inquinamento.<\/p>\n<p>La struttura \u00e8 situata in un&#039;area demaniale nella baia di Golfo Aranci, nei pressi della bellissima Cala Moresca a ovest dell&#039;incantevole isola di Figarolo: un ambiente ideale per l&#039;agricoltura, riparato dalla forza del mare ma con correnti che mantengono costantemente pulito e ossigenato.<\/p>\n\n\t\t<\/div> \n\t<\/div> \n\t\t<\/div> \n\t<\/div> \n<\/div><\/div><\/div><\/div><div class=\"clearfix\"><\/div><div id=\"verve-137\" class=\"wpb_row vc_row verve_row vc_row-fluid\"><div class=\"extra_pad prk_inner_block columns small-centered clearfix\"><div class=\"vrv_outer_row\"><div class=\"row\">\n\t<div class=\"vc_col-sm-3 columns vc_column_container\">\n\t\t<div class=\"wpb_wrapper\">\n\t\t\t\n\t<div class=\"wpb_single_image vc_align_center  delay-0 vrv_mag_img\">\n\t\t<div class=\"wpb_wrapper\">\n\t\t\t\n\t\t\t<a class=\"magnificent\" href=\"https:\/\/fattoriedelmare.it\/wp-content\/uploads\/2018\/11\/02.allevamento_fattorie_del_mare.jpg\" target=\"_self\"><div class=\"vc_single_image-wrapper   vc_box_border_grey\"><img loading=\"lazy\" decoding=\"async\" width=\"1032\" height=\"688\" src=\"https:\/\/fattoriedelmare.it\/wp-content\/uploads\/2018\/11\/02.allevamento_fattorie_del_mare.jpg\" class=\"vc_single_image-img attachment-full\" alt=\"\" srcset=\"https:\/\/fattoriedelmare.it\/wp-content\/uploads\/2018\/11\/02.allevamento_fattorie_del_mare.jpg 1032w, https:\/\/fattoriedelmare.it\/wp-content\/uploads\/2018\/11\/02.allevamento_fattorie_del_mare-300x200.jpg 300w, https:\/\/fattoriedelmare.it\/wp-content\/uploads\/2018\/11\/02.allevamento_fattorie_del_mare-768x512.jpg 768w, https:\/\/fattoriedelmare.it\/wp-content\/uploads\/2018\/11\/02.allevamento_fattorie_del_mare-1024x683.jpg 1024w\" sizes=\"(max-width: 1032px) 100vw, 1032px\" \/><\/div><\/a>\n\t\t<\/div>\n\t<\/div>\n\n\t\t<\/div> \n\t<\/div> \n\n\t<div class=\"vc_col-sm-3 columns vc_column_container\">\n\t\t<div class=\"wpb_wrapper\">\n\t\t\t\n\t<div class=\"wpb_single_image vc_align_center  delay-0 vrv_mag_img\">\n\t\t<div class=\"wpb_wrapper\">\n\t\t\t\n\t\t\t<a class=\"magnificent\" href=\"https:\/\/fattoriedelmare.it\/wp-content\/uploads\/2018\/11\/01.allevamento_fattorie_del_mare.jpg\" target=\"_self\"><div class=\"vc_single_image-wrapper   vc_box_border_grey\"><img loading=\"lazy\" decoding=\"async\" width=\"1032\" height=\"688\" src=\"https:\/\/fattoriedelmare.it\/wp-content\/uploads\/2018\/11\/01.allevamento_fattorie_del_mare.jpg\" class=\"vc_single_image-img attachment-full\" alt=\"\" srcset=\"https:\/\/fattoriedelmare.it\/wp-content\/uploads\/2018\/11\/01.allevamento_fattorie_del_mare.jpg 1032w, https:\/\/fattoriedelmare.it\/wp-content\/uploads\/2018\/11\/01.allevamento_fattorie_del_mare-300x200.jpg 300w, https:\/\/fattoriedelmare.it\/wp-content\/uploads\/2018\/11\/01.allevamento_fattorie_del_mare-768x512.jpg 768w, https:\/\/fattoriedelmare.it\/wp-content\/uploads\/2018\/11\/01.allevamento_fattorie_del_mare-1024x683.jpg 1024w\" sizes=\"(max-width: 1032px) 100vw, 1032px\" \/><\/div><\/a>\n\t\t<\/div>\n\t<\/div>\n\n\t\t<\/div> \n\t<\/div> \n\n\t<div class=\"vc_col-sm-3 columns vc_column_container\">\n\t\t<div class=\"wpb_wrapper\">\n\t\t\t\n\t<div class=\"wpb_single_image vc_align_center  delay-0 vrv_mag_img\">\n\t\t<div class=\"wpb_wrapper\">\n\t\t\t\n\t\t\t<a class=\"magnificent\" href=\"https:\/\/fattoriedelmare.it\/wp-content\/uploads\/2018\/11\/04.allevamento_fattorie_del_mare.jpg\" target=\"_self\"><div class=\"vc_single_image-wrapper   vc_box_border_grey\"><img loading=\"lazy\" decoding=\"async\" width=\"1032\" height=\"688\" src=\"https:\/\/fattoriedelmare.it\/wp-content\/uploads\/2018\/11\/04.allevamento_fattorie_del_mare.jpg\" class=\"vc_single_image-img attachment-full\" alt=\"\" srcset=\"https:\/\/fattoriedelmare.it\/wp-content\/uploads\/2018\/11\/04.allevamento_fattorie_del_mare.jpg 1032w, https:\/\/fattoriedelmare.it\/wp-content\/uploads\/2018\/11\/04.allevamento_fattorie_del_mare-300x200.jpg 300w, https:\/\/fattoriedelmare.it\/wp-content\/uploads\/2018\/11\/04.allevamento_fattorie_del_mare-768x512.jpg 768w, https:\/\/fattoriedelmare.it\/wp-content\/uploads\/2018\/11\/04.allevamento_fattorie_del_mare-1024x683.jpg 1024w\" sizes=\"(max-width: 1032px) 100vw, 1032px\" \/><\/div><\/a>\n\t\t<\/div>\n\t<\/div>\n\n\t\t<\/div> \n\t<\/div> \n\n\t<div class=\"vc_col-sm-3 columns vc_column_container\">\n\t\t<div class=\"wpb_wrapper\">\n\t\t\t\n\t<div class=\"wpb_single_image vc_align_center  delay-0 vrv_mag_img\">\n\t\t<div class=\"wpb_wrapper\">\n\t\t\t\n\t\t\t<a class=\"magnificent\" href=\"https:\/\/fattoriedelmare.it\/wp-content\/uploads\/2018\/11\/03.allevamento_fattorie_del_mare.jpg\" target=\"_self\"><div class=\"vc_single_image-wrapper   vc_box_border_grey\"><img loading=\"lazy\" decoding=\"async\" width=\"1032\" height=\"688\" src=\"https:\/\/fattoriedelmare.it\/wp-content\/uploads\/2018\/11\/03.allevamento_fattorie_del_mare.jpg\" class=\"vc_single_image-img attachment-full\" alt=\"\" srcset=\"https:\/\/fattoriedelmare.it\/wp-content\/uploads\/2018\/11\/03.allevamento_fattorie_del_mare.jpg 1032w, https:\/\/fattoriedelmare.it\/wp-content\/uploads\/2018\/11\/03.allevamento_fattorie_del_mare-300x200.jpg 300w, https:\/\/fattoriedelmare.it\/wp-content\/uploads\/2018\/11\/03.allevamento_fattorie_del_mare-768x512.jpg 768w, https:\/\/fattoriedelmare.it\/wp-content\/uploads\/2018\/11\/03.allevamento_fattorie_del_mare-1024x683.jpg 1024w\" sizes=\"(max-width: 1032px) 100vw, 1032px\" \/><\/div><\/a>\n\t\t<\/div>\n\t<\/div>\n\n\t\t<\/div> \n\t<\/div> \n<\/div><\/div><\/div><\/div><div class=\"clearfix\"><\/div><div id=\"verve-269\" class=\"wpb_row vc_row verve_row vc_row-fluid\"><div class=\"extra_pad prk_inner_block columns small-centered clearfix\"><div class=\"vrv_outer_row\"><div class=\"row\">\n\t<div class=\"vc_col-sm-12 columns vc_column_container\">\n\t\t<div class=\"wpb_wrapper\">\n\t\t\t<div class=\"simple_line shortcoded\" style=\"border-bottom-color:rgba(255,255,255,0.01);border-bottom-width:60px;\"><\/div>\n\t\t<\/div> \n\t<\/div> \n<\/div><\/div><\/div><\/div><div class=\"clearfix\"><\/div>","protected":false},"excerpt":{"rendered":"ABOUT USBack Home OUR MAIN CLIENTSCIR's main clients are Esselunga, Rialto, Bennet and Superemme, which together cover 70% of the total turnover. HISTORYLe Fattorie del mare: passion, well-being and sustainability1992CIR s.a.r.l. (Compagnie Ittiche Riunite sarl) is born. The operational activity starts immediately in Golfo Aranci using a technology based on rigid floating cages1996The company undergoes [...]","protected":false},"author":1,"featured_media":0,"parent":0,"menu_order":0,"comment_status":"closed","ping_status":"closed","template":"","meta":{"footnotes":""},"_links":{"self":[{"href":"https:\/\/fattoriedelmare.it\/it\/wp-json\/wp\/v2\/pages\/7619"}],"collection":[{"href":"https:\/\/fattoriedelmare.it\/it\/wp-json\/wp\/v2\/pages"}],"about":[{"href":"https:\/\/fattoriedelmare.it\/it\/wp-json\/wp\/v2\/types\/page"}],"author":[{"embeddable":true,"href":"https:\/\/fattoriedelmare.it\/it\/wp-json\/wp\/v2\/users\/1"}],"replies":[{"embeddable":true,"href":"https:\/\/fattoriedelmare.it\/it\/wp-json\/wp\/v2\/comments?post=7619"}],"version-history":[{"count":99,"href":"https:\/\/fattoriedelmare.it\/it\/wp-json\/wp\/v2\/pages\/7619\/revisions"}],"predecessor-version":[{"id":9304,"href":"https:\/\/fattoriedelmare.it\/it\/wp-json\/wp\/v2\/pages\/7619\/revisions\/9304"}],"wp:attachment":[{"href":"https:\/\/fattoriedelmare.it\/it\/wp-json\/wp\/v2\/media?parent=7619"}],"curies":[{"name":"wp","href":"https:\/\/api.w.org\/{rel}","templated":true}]}}